{"id":208,"date":"2022-11-02T20:23:49","date_gmt":"2022-11-02T20:23:49","guid":{"rendered":"https:\/\/production.funambulesmedias.org\/?page_id=208"},"modified":"2024-05-02T16:08:46","modified_gmt":"2024-05-02T16:08:46","slug":"presentation","status":"publish","type":"page","link":"https:\/\/staging.funambules.wpdev0.koumbit.net\/production\/presentation\/","title":{"rendered":"Pr\u00e9sentation"},"content":{"rendered":"\n<p>Fond\u00e9 en 2008, Funam\u00adbules est la cr\u00e9a\u00adtion de passionn\u00e9\u00b7e\u00b7s de cin\u00e9\u00adma qui avaient pour ambi\u00adtion de col\u00adlec\u00adtivis\u00ader leurs ressources et leur exp\u00e9ri\u00adence pour d\u00e9moc\u00adra\u00adtis\u00ader les films soci\u00adaux, poli\u00adtiques et environnementaux.<\/p>\n\n\n\n<p>Depuis, nous avons tra\u00advail\u00adl\u00e9 \u00e0 la pro\u00adduc\u00adtion vid\u00e9o avec de nom\u00adbreux organ\u00adismes qui parta\u00adgent nos valeurs d\u2019\u00e9conomie sociale et sol\u00adidaire. Notre savoir faire a d\u2019ailleurs per\u00admis de con\u00adtribuer \u00e0 son d\u00e9veloppe\u00adment local et international.<\/p>\n\n\n\n<p>Funam\u00adbules se com\u00adpose d\u2019une \u00e9quipe exp\u00e9ri\u00admen\u00adt\u00e9e et sen\u00adsi\u00adble aux r\u00e9al\u00adit\u00e9s de notre monde. Nos professionnel\u00b7le\u00b7s du doc\u00adu\u00admen\u00adtaire, du motion design, de l\u2019image et du son tra\u00advail\u00adlent con\u00adjoin\u00adte\u00adment pour vous pro\u00adpos\u00ader des con\u00adtenus orig\u00adin\u00adaux et impac\u00adtants. Nos ser\u00advices vid\u00e9os s\u2019adressent \u00e0 ceux qui \u0153uvrent pour la com\u00admu\u00adnaut\u00e9 et le change\u00adment social \u2013 entre\u00adpris\u00ades cul\u00adturelles, envi\u00adron\u00adnemen\u00adtales, com\u00admu\u00adnau\u00adtaires, coop\u00e9ra\u00adtives, entre\u00adpris\u00ades tourn\u00e9es vers le d\u00e9veloppe\u00adment local ou inter\u00adna\u00adtion\u00adal. Notre \u00e9quipe est en mesure de com\u00adpren\u00addre votre r\u00e9al\u00adit\u00e9 et de vous accom\u00adpa\u00adg\u00adn\u00ader de l\u2019id\u00e9ation \u00e0 la r\u00e9al\u00adi\u00adsa\u00adtion, et s\u2019occupant de l\u2019ensemble des aspects techniques.&nbsp;<\/p>\n\n\n\n<p>Priv\u00adil\u00e9\u00adgiant l\u2019accompagnement, l\u2019esprit d\u2019\u00e9quipe et l\u2019\u00e9coute, Funam\u00adbules est votre alli\u00e9 dans la con\u00adcr\u00e9ti\u00adsa\u00adtion de vos pro\u00adjets vid\u00e9os&nbsp;!<\/p>\n","protected":false},"excerpt":{"rendered":"<div class=\"entry-summary\">\nFond\u00e9 en 2008, Funam\u00adbules est la cr\u00e9a\u00adtion de passionn\u00e9\u00b7e\u00b7s de cin\u00e9\u00adma qui avaient pour ambi\u00adtion de col\u00adlec\u00adtivis\u00ader leurs ressources et leur exp\u00e9ri\u00adence pour d\u00e9moc\u00adra\u00adtis\u00ader les films soci\u00adaux, poli\u00adtiques et envi\u00adron\u00adnemen\u00adtaux. Depuis, nous\u2026&nbsp;<\/div>\n<div class=\"link-more-container\"><a href=\"https:\/\/staging.funambules.wpdev0.koumbit.net\/production\/presentation\/\" class=\"link-more\" aria-label=\"Continuer \u00e0 lire Pr\u00e9sentation\">Con\u00adtin\u00aduer la lecture\u2026<\/a><\/div>\n","protected":false},"author":4,"featured_media":0,"parent":0,"menu_order":0,"comment_status":"closed","ping_status":"closed","template":"","meta":{"inline_featured_image":false,"wp_typography_post_enhancements_disabled":false,"footnotes":""},"class_list":["post-208","page","type-page","status-publish","hentry","entry","entry-type-page"],"acf":[],"yoast_head":"<!-- This site is optimized with the Yoast SEO plugin v20.8 - https:\/\/yoast.com\/wordpress\/plugins\/seo\/ -->\n<title>Pr\u00e9sentation - Funambules M\u00e9dias - Production<\/title>\n<meta name=\"robots\" content=\"index, follow, max-snippet:-1, max-image-preview:large, max-video-preview:-1\" \/>\n<link rel=\"canonical\" href=\"https:\/\/staging.funambules.wpdev0.koumbit.net\/production\/presentation\/\" \/>\n<meta property=\"og:locale\" content=\"fr_CA\" \/>\n<meta property=\"og:type\" content=\"article\" \/>\n<meta property=\"og:title\" content=\"Pr\u00e9sentation - Funambules M\u00e9dias - Production\" \/>\n<meta property=\"og:description\" content=\"Fond\u00e9 en 2008, Funam\u00adbules est la cr\u00e9a\u00adtion de passionn\u00e9\u00b7e\u00b7s de cin\u00e9\u00adma qui avaient pour ambi\u00adtion de col\u00adlec\u00adtivis\u00ader leurs ressources et leur exp\u00e9ri\u00adence pour d\u00e9moc\u00adra\u00adtis\u00ader les films soci\u00adaux, poli\u00adtiques et environnementaux. Depuis, nous&hellip; Continuer la lecture&hellip;\" \/>\n<meta property=\"og:url\" content=\"https:\/\/staging.funambules.wpdev0.koumbit.net\/production\/presentation\/\" \/>\n<meta property=\"og:site_name\" content=\"Funambules M\u00e9dias - Production\" \/>\n<meta property=\"article:modified_time\" content=\"2024-05-02T16:08:46+00:00\" \/>\n<meta name=\"twitter:card\" content=\"summary_large_image\" \/>\n<meta name=\"twitter:label1\" content=\"Estimation du temps de lecture\" \/>\n\t<meta name=\"twitter:data1\" content=\"1 minute\" \/>\n<script type=\"application\/ld+json\" class=\"yoast-schema-graph\">{\"@context\":\"https:\/\/schema.org\",\"@graph\":[{\"@type\":\"WebPage\",\"@id\":\"https:\/\/staging.funambules.wpdev0.koumbit.net\/production\/presentation\/\",\"url\":\"https:\/\/staging.funambules.wpdev0.koumbit.net\/production\/presentation\/\",\"name\":\"Pr\u00e9sentation - Funambules M\u00e9dias - Production\",\"isPartOf\":{\"@id\":\"https:\/\/staging.funambules.wpdev0.koumbit.net\/production\/#website\"},\"datePublished\":\"2022-11-02T20:23:49+00:00\",\"dateModified\":\"2024-05-02T16:08:46+00:00\",\"breadcrumb\":{\"@id\":\"https:\/\/staging.funambules.wpdev0.koumbit.net\/production\/presentation\/#breadcrumb\"},\"inLanguage\":\"fr-CA\",\"potentialAction\":[{\"@type\":\"ReadAction\",\"target\":[\"https:\/\/staging.funambules.wpdev0.koumbit.net\/production\/presentation\/\"]}]},{\"@type\":\"BreadcrumbList\",\"@id\":\"https:\/\/staging.funambules.wpdev0.koumbit.net\/production\/presentation\/#breadcrumb\",\"itemListElement\":[{\"@type\":\"ListItem\",\"position\":1,\"name\":\"Accueil\",\"item\":\"https:\/\/production.staging.funambules.wpdev0.koumbit.net\/\"},{\"@type\":\"ListItem\",\"position\":2,\"name\":\"Pr\u00e9sentation\"}]},{\"@type\":\"WebSite\",\"@id\":\"https:\/\/staging.funambules.wpdev0.koumbit.net\/production\/#website\",\"url\":\"https:\/\/staging.funambules.wpdev0.koumbit.net\/production\/\",\"name\":\"Funambules M\u00e9dias - Production\",\"description\":\"\",\"inLanguage\":\"fr-CA\"}]}<\/script>\n<!-- \/ Yoast SEO plugin. -->","yoast_head_json":{"title":"Pr\u00e9sentation - Funambules M\u00e9dias - Production","robots":{"index":"index","follow":"follow","max-snippet":"max-snippet:-1","max-image-preview":"max-image-preview:large","max-video-preview":"max-video-preview:-1"},"canonical":"https:\/\/staging.funambules.wpdev0.koumbit.net\/production\/presentation\/","og_locale":"fr_CA","og_type":"article","og_title":"Pr\u00e9sentation - Funambules M\u00e9dias - Production","og_description":"Fond\u00e9 en 2008, Funam\u00adbules est la cr\u00e9a\u00adtion de passionn\u00e9\u00b7e\u00b7s de cin\u00e9\u00adma qui avaient pour ambi\u00adtion de col\u00adlec\u00adtivis\u00ader leurs ressources et leur exp\u00e9ri\u00adence pour d\u00e9moc\u00adra\u00adtis\u00ader les films soci\u00adaux, poli\u00adtiques et environnementaux. Depuis, nous&hellip; Continuer la lecture&hellip;","og_url":"https:\/\/staging.funambules.wpdev0.koumbit.net\/production\/presentation\/","og_site_name":"Funambules M\u00e9dias - Production","article_modified_time":"2024-05-02T16:08:46+00:00","twitter_card":"summary_large_image","twitter_misc":{"Estimation du temps de lecture":"1 minute"},"schema":{"@context":"https:\/\/schema.org","@graph":[{"@type":"WebPage","@id":"https:\/\/staging.funambules.wpdev0.koumbit.net\/production\/presentation\/","url":"https:\/\/staging.funambules.wpdev0.koumbit.net\/production\/presentation\/","name":"Pr\u00e9sentation - Funambules M\u00e9dias - Production","isPartOf":{"@id":"https:\/\/staging.funambules.wpdev0.koumbit.net\/production\/#website"},"datePublished":"2022-11-02T20:23:49+00:00","dateModified":"2024-05-02T16:08:46+00:00","breadcrumb":{"@id":"https:\/\/staging.funambules.wpdev0.koumbit.net\/production\/presentation\/#breadcrumb"},"inLanguage":"fr-CA","potentialAction":[{"@type":"ReadAction","target":["https:\/\/staging.funambules.wpdev0.koumbit.net\/production\/presentation\/"]}]},{"@type":"BreadcrumbList","@id":"https:\/\/staging.funambules.wpdev0.koumbit.net\/production\/presentation\/#breadcrumb","itemListElement":[{"@type":"ListItem","position":1,"name":"Accueil","item":"https:\/\/production.staging.funambules.wpdev0.koumbit.net\/"},{"@type":"ListItem","position":2,"name":"Pr\u00e9sentation"}]},{"@type":"WebSite","@id":"https:\/\/staging.funambules.wpdev0.koumbit.net\/production\/#website","url":"https:\/\/staging.funambules.wpdev0.koumbit.net\/production\/","name":"Funambules M\u00e9dias - Production","description":"","inLanguage":"fr-CA"}]}},"_links":{"self":[{"href":"https:\/\/staging.funambules.wpdev0.koumbit.net\/production\/wp-json\/wp\/v2\/pages\/208","targetHints":{"allow":["GET"]}}],"collection":[{"href":"https:\/\/staging.funambules.wpdev0.koumbit.net\/production\/wp-json\/wp\/v2\/pages"}],"about":[{"href":"https:\/\/staging.funambules.wpdev0.koumbit.net\/production\/wp-json\/wp\/v2\/types\/page"}],"author":[{"embeddable":true,"href":"https:\/\/staging.funambules.wpdev0.koumbit.net\/production\/wp-json\/wp\/v2\/users\/4"}],"replies":[{"embeddable":true,"href":"https:\/\/staging.funambules.wpdev0.koumbit.net\/production\/wp-json\/wp\/v2\/comments?post=208"}],"version-history":[{"count":6,"href":"https:\/\/staging.funambules.wpdev0.koumbit.net\/production\/wp-json\/wp\/v2\/pages\/208\/revisions"}],"predecessor-version":[{"id":1279,"href":"https:\/\/staging.funambules.wpdev0.koumbit.net\/production\/wp-json\/wp\/v2\/pages\/208\/revisions\/1279"}],"wp:attachment":[{"href":"https:\/\/staging.funambules.wpdev0.koumbit.net\/production\/wp-json\/wp\/v2\/media?parent=208"}],"curies":[{"name":"wp","href":"https:\/\/api.w.org\/{rel}","templated":true}]}}